{"id":84,"date":"2016-11-14T18:58:45","date_gmt":"2016-11-14T17:58:45","guid":{"rendered":"http:\/\/www.parkabriland.fr\/?page_id=84"},"modified":"2024-06-18T10:52:59","modified_gmt":"2024-06-18T09:52:59","slug":"estimation-de-la-taille-dun-box","status":"publish","type":"page","link":"https:\/\/www.parkabriland.fr\/index.php\/estimation-de-la-taille-dun-box\/","title":{"rendered":"Estimez votre surface de stockage"},"content":{"rendered":"<h2 style=\"text-align: center;\">La diff\u00e9rence ente m\u00e8tre carr\u00e9 et m\u00e8tre cube :<\/h2>\n<p style=\"text-align: center;\">Vous trouverez affich\u00e9 sur le site un maximum d&rsquo;informations pour mieux vous aider \u00e0 estimer la surface ou le volume n\u00e9cessaire.<\/p>\n<p style=\"text-align: center;\"><span style=\"text-decoration: underline;\">Ci-dessous un sch\u00e9ma repr\u00e9sentant les 2 mesures principales utilis\u00e9es:<\/span><\/p>\n<p style=\"text-align: center;\">-Le m\u00e8tre carr\u00e9 (M\u00b2) repr\u00e9sent\u00e9 en rouge correspond \u00e0 la surface au sol<\/p>\n<p style=\"text-align: center;\">-Le m\u00e8tre cube (M\u00b3) repr\u00e9sent\u00e9 en vert correspond au volume<\/p>\n<p><img loading=\"lazy\" decoding=\"async\" class=\" wp-image-234 aligncenter\" src=\"https:\/\/www.parkabriland.fr\/wp-content\/uploads\/2016\/11\/Sans-titre-1-300x134.jpg\" alt=\"Sans titre 1\" width=\"540\" height=\"241\" srcset=\"https:\/\/www.parkabriland.fr\/wp-content\/uploads\/2016\/11\/Sans-titre-1-300x134.jpg 300w, https:\/\/www.parkabriland.fr\/wp-content\/uploads\/2016\/11\/Sans-titre-1-768x343.jpg 768w, https:\/\/www.parkabriland.fr\/wp-content\/uploads\/2016\/11\/Sans-titre-1-1024x457.jpg 1024w, https:\/\/www.parkabriland.fr\/wp-content\/uploads\/2016\/11\/Sans-titre-1.jpg 1500w\" sizes=\"auto, (max-width: 540px) 100vw, 540px\" \/><\/p>\n<p>\u00a0<\/p>\n<p>\u00a0<\/p>\n\n\n<ul class=\"wp-block-list\">\n<li>composition<\/li>\n<\/ul>\n\n\n\n<figure class=\"wp-block-image size-large\"><img loading=\"lazy\" decoding=\"async\" width=\"1024\" height=\"740\" src=\"https:\/\/www.parkabriland.fr\/wp-content\/uploads\/2024\/06\/ESTIMATION-TAILLE-DE-BOX-pdf-1024x740.jpg\" alt=\"\" class=\"wp-image-396\"\/><\/figure>\n","protected":false},"excerpt":{"rendered":"<p>La diff\u00e9rence ente m\u00e8tre carr\u00e9 et m\u00e8tre cube : Vous trouverez affich\u00e9 sur le site un maximum d&rsquo;informations pour mieux vous aider \u00e0 estimer la surface ou le volume n\u00e9cessaire. Ci-dessous un sch\u00e9ma repr\u00e9sentant les 2 mesures principales utilis\u00e9es: -Le m\u00e8tre carr\u00e9 (M\u00b2) repr\u00e9sent\u00e9 en rouge correspond \u00e0 la surface au sol -Le m\u00e8tre cube [&hellip;]<\/p>\n","protected":false},"author":1,"featured_media":0,"parent":0,"menu_order":0,"comment_status":"closed","ping_status":"closed","template":"","meta":{"footnotes":""},"class_list":["post-84","page","type-page","status-publish","czr-hentry"],"aioseo_notices":[],"_links":{"self":[{"href":"https:\/\/www.parkabriland.fr\/index.php\/wp-json\/wp\/v2\/pages\/84","targetHints":{"allow":["GET"]}}],"collection":[{"href":"https:\/\/www.parkabriland.fr\/index.php\/wp-json\/wp\/v2\/pages"}],"about":[{"href":"https:\/\/www.parkabriland.fr\/index.php\/wp-json\/wp\/v2\/types\/page"}],"author":[{"embeddable":true,"href":"https:\/\/www.parkabriland.fr\/index.php\/wp-json\/wp\/v2\/users\/1"}],"replies":[{"embeddable":true,"href":"https:\/\/www.parkabriland.fr\/index.php\/wp-json\/wp\/v2\/comments?post=84"}],"version-history":[{"count":4,"href":"https:\/\/www.parkabriland.fr\/index.php\/wp-json\/wp\/v2\/pages\/84\/revisions"}],"predecessor-version":[{"id":397,"href":"https:\/\/www.parkabriland.fr\/index.php\/wp-json\/wp\/v2\/pages\/84\/revisions\/397"}],"wp:attachment":[{"href":"https:\/\/www.parkabriland.fr\/index.php\/wp-json\/wp\/v2\/media?parent=84"}],"curies":[{"name":"wp","href":"https:\/\/api.w.org\/{rel}","templated":true}]}}