{"id":81,"date":"2016-11-14T18:36:18","date_gmt":"2016-11-14T17:36:18","guid":{"rendered":"http:\/\/www.parkabriland.fr\/?page_id=81"},"modified":"2021-03-12T11:56:55","modified_gmt":"2021-03-12T10:56:55","slug":"nous-contacter","status":"publish","type":"page","link":"https:\/\/www.parkabriland.fr\/index.php\/nous-contacter\/","title":{"rendered":"Nous contacter"},"content":{"rendered":"<h2 style=\"text-align: center;\"><\/h2>\n<h2 style=\"text-align: center;\"><span style=\"text-decoration: underline;\">Informations utiles<\/span><\/h2>\n<h4 style=\"text-align: center;\">T\u00e9l\u00e9phone : \u00a0 \u00a0\u00a0 05 58 78 66 33<\/h4>\n<h4 style=\"text-align: center;\">Mail : gestion@parkabriland.fr<\/h4>\n<h4 style=\"text-align: center;\">Fax:\u00a0 05 58 78 66 89<\/h4>\n<p style=\"text-align: center;\">\u00a0S.A.S\u00a0 PARKABRILAND 210 rue de l&rsquo;aiguille 40460 SANGUINET<\/p>\n<h2 style=\"text-align: center;\"><span style=\"text-decoration: underline;\">Horaires d&rsquo;ouverture :<\/span><\/h2>\n<h4 style=\"text-align: center;\">Du lundi au samedi<\/h4>\n<h4 style=\"text-align: center;\">9h00 \u00e0 12h00\u00a0 et de\u00a0 14h30 \u00e0 18h00.<\/h4>\n<p style=\"text-align: center;\">Fermeture dimanche et jours f\u00e9ri\u00e9s.<\/p>\n<p>&nbsp;<\/p>\n<p>&nbsp;<\/p>\n<h4 style=\"text-align: left;\"><img loading=\"lazy\" decoding=\"async\" class=\"wp-image-146 aligncenter\" src=\"https:\/\/www.parkabriland.fr\/wp-content\/uploads\/2017\/01\/Image-contact-300x138.jpg\" alt=\"image-contact\" width=\"339\" height=\"156\" srcset=\"https:\/\/www.parkabriland.fr\/wp-content\/uploads\/2017\/01\/Image-contact-300x138.jpg 300w, https:\/\/www.parkabriland.fr\/wp-content\/uploads\/2017\/01\/Image-contact-768x354.jpg 768w, https:\/\/www.parkabriland.fr\/wp-content\/uploads\/2017\/01\/Image-contact.jpg 1000w\" sizes=\"auto, (max-width: 339px) 100vw, 339px\" \/><\/h4>\n","protected":false},"excerpt":{"rendered":"<p>Informations utiles T\u00e9l\u00e9phone : \u00a0 \u00a0\u00a0 05 58 78 66 33 Mail : gestion@parkabriland.fr Fax:\u00a0 05 58 78 66 89 \u00a0S.A.S\u00a0 PARKABRILAND 210 rue de l&rsquo;aiguille 40460 SANGUINET Horaires d&rsquo;ouverture : Du lundi au samedi 9h00 \u00e0 12h00\u00a0 et de\u00a0 14h30 \u00e0 18h00. Fermeture dimanche et jours f\u00e9ri\u00e9s. &nbsp; &nbsp;<\/p>\n","protected":false},"author":1,"featured_media":0,"parent":0,"menu_order":0,"comment_status":"closed","ping_status":"closed","template":"","meta":{"footnotes":""},"class_list":["post-81","page","type-page","status-publish","czr-hentry"],"aioseo_notices":[],"_links":{"self":[{"href":"https:\/\/www.parkabriland.fr\/index.php\/wp-json\/wp\/v2\/pages\/81","targetHints":{"allow":["GET"]}}],"collection":[{"href":"https:\/\/www.parkabriland.fr\/index.php\/wp-json\/wp\/v2\/pages"}],"about":[{"href":"https:\/\/www.parkabriland.fr\/index.php\/wp-json\/wp\/v2\/types\/page"}],"author":[{"embeddable":true,"href":"https:\/\/www.parkabriland.fr\/index.php\/wp-json\/wp\/v2\/users\/1"}],"replies":[{"embeddable":true,"href":"https:\/\/www.parkabriland.fr\/index.php\/wp-json\/wp\/v2\/comments?post=81"}],"version-history":[{"count":9,"href":"https:\/\/www.parkabriland.fr\/index.php\/wp-json\/wp\/v2\/pages\/81\/revisions"}],"predecessor-version":[{"id":332,"href":"https:\/\/www.parkabriland.fr\/index.php\/wp-json\/wp\/v2\/pages\/81\/revisions\/332"}],"wp:attachment":[{"href":"https:\/\/www.parkabriland.fr\/index.php\/wp-json\/wp\/v2\/media?parent=81"}],"curies":[{"name":"wp","href":"https:\/\/api.w.org\/{rel}","templated":true}]}}