{"id":70,"date":"2016-11-14T17:21:47","date_gmt":"2016-11-14T16:21:47","guid":{"rendered":"http:\/\/www.parkabriland.fr\/?page_id=70"},"modified":"2017-01-26T17:52:34","modified_gmt":"2017-01-26T16:52:34","slug":"mentions-legales","status":"publish","type":"page","link":"https:\/\/www.parkabriland.fr\/index.php\/mentions-legales\/","title":{"rendered":"Mentions l\u00e9gales"},"content":{"rendered":"<article class=\"item-page\"><strong>Propri\u00e9taire du Site<\/strong> : <a class=\"lien\" href=\"http:\/\/dirigeant.societe.com\/dirigeant\/Didier.LANARO.29462823.html\">M Didier LANARO\u00a0<\/a><\/article>\n<article class=\"item-page\">St\u00e9 PARKABRILAND 210, Rue de l&rsquo;aiguille <strong>40460 SANGUINET<\/strong><\/p>\n<div class=\"_eFb\">\n<div class=\"_mr kno-fb-ctx\" data-dtype=\"d3ph\" data-ved=\"0ahUKEwiWvNjA0qjQAhWDvBoKHaafD6wQ8I0BCHwoADAT\"><\/div>\n<div class=\"_mr kno-fb-ctx\" data-dtype=\"d3ph\" data-ved=\"0ahUKEwiWvNjA0qjQAhWDvBoKHaafD6wQ8I0BCHwoADAT\"><span class=\"_xdb\"><strong><a class=\"fl\" href=\"https:\/\/www.google.fr\/search?newwindow=1&amp;client=firefox-b&amp;q=park%27abri%27land+t%C3%A9l%C3%A9phone&amp;stick=H4sIAAAAAAAAAOPgE-LWT9c3LCkyzy60NNPSz0620k_Oz8lJTS7JzM_Tz87LL89JTUlPjS9IzEvNKdbPSCyOL8jIz0u1ApMAV5uEmEAAAAA&amp;sa=X&amp;ved=0ahUKEwiWvNjA0qjQAhWDvBoKHaafD6wQ6BMIfTAT\" data-ved=\"0ahUKEwiWvNjA0qjQAhWDvBoKHaafD6wQ6BMIfTAT\">T\u00e9l\u00e9phone<\/a><\/strong>\u00a0: <\/span><span class=\"_Xbe _ZWk kno-fv\"><a class=\"fl r-imwbLrRwwUqI\" title=\"Appeler avec Hangouts\" data-number=\"+33558786633\" data-pstn-out-call-url=\"\" data-rtid=\"imwbLrRwwUqI\" data-ved=\"0ahUKEwiWvNjA0qjQAhWDvBoKHaafD6wQkAgIfjAT\">05 58 78 66 33<\/a><\/span><\/div>\n<div class=\"_mr kno-fb-ctx\" data-dtype=\"d3ph\" data-ved=\"0ahUKEwiWvNjA0qjQAhWDvBoKHaafD6wQ8I0BCHwoADAT\"><strong>Fax :<\/strong> 05 58 78 66 89<\/div>\n<\/div>\n<p><strong>Mail <\/strong>: parkabriland@free.fr<\/p>\n<p><strong>Coordonn\u00e9es de l&rsquo;h\u00e9bergeur<\/strong> : OVH<\/p>\n<p><strong>Nom du responsable de la publication<\/strong> : M. Didier LANARO.<\/p>\n<p>SAS associ\u00e9e \u00e0 la cr\u00e9ation du site : Cin\u00e9tique de l&rsquo;information. <a href=\"mailto:Contact@cinetique-information.fr\">Contact@cinetique-information.fr<\/a><\/p>\n<\/article>\n","protected":false},"excerpt":{"rendered":"<p>Propri\u00e9taire du Site : M Didier LANARO\u00a0 St\u00e9 PARKABRILAND 210, Rue de l&rsquo;aiguille 40460 SANGUINET T\u00e9l\u00e9phone\u00a0: 05 58 78 66 33 Fax : 05 58 78 66 89 Mail : parkabriland@free.fr Coordonn\u00e9es de l&rsquo;h\u00e9bergeur : OVH Nom du responsable de la publication : M. Didier LANARO. SAS associ\u00e9e \u00e0 la cr\u00e9ation du site : Cin\u00e9tique [&hellip;]<\/p>\n","protected":false},"author":1,"featured_media":0,"parent":0,"menu_order":0,"comment_status":"closed","ping_status":"closed","template":"","meta":{"footnotes":""},"class_list":["post-70","page","type-page","status-publish","czr-hentry"],"aioseo_notices":[],"_links":{"self":[{"href":"https:\/\/www.parkabriland.fr\/index.php\/wp-json\/wp\/v2\/pages\/70","targetHints":{"allow":["GET"]}}],"collection":[{"href":"https:\/\/www.parkabriland.fr\/index.php\/wp-json\/wp\/v2\/pages"}],"about":[{"href":"https:\/\/www.parkabriland.fr\/index.php\/wp-json\/wp\/v2\/types\/page"}],"author":[{"embeddable":true,"href":"https:\/\/www.parkabriland.fr\/index.php\/wp-json\/wp\/v2\/users\/1"}],"replies":[{"embeddable":true,"href":"https:\/\/www.parkabriland.fr\/index.php\/wp-json\/wp\/v2\/comments?post=70"}],"version-history":[{"count":4,"href":"https:\/\/www.parkabriland.fr\/index.php\/wp-json\/wp\/v2\/pages\/70\/revisions"}],"predecessor-version":[{"id":107,"href":"https:\/\/www.parkabriland.fr\/index.php\/wp-json\/wp\/v2\/pages\/70\/revisions\/107"}],"wp:attachment":[{"href":"https:\/\/www.parkabriland.fr\/index.php\/wp-json\/wp\/v2\/media?parent=70"}],"curies":[{"name":"wp","href":"https:\/\/api.w.org\/{rel}","templated":true}]}}