{"id":47,"date":"2016-07-13T10:10:05","date_gmt":"2016-07-13T09:10:05","guid":{"rendered":"http:\/\/www.parkabriland.fr\/?page_id=47"},"modified":"2017-01-27T07:46:07","modified_gmt":"2017-01-27T06:46:07","slug":"presentation","status":"publish","type":"page","link":"https:\/\/www.parkabriland.fr\/","title":{"rendered":"Pr\u00e9sentation"},"content":{"rendered":"<h2 style=\"text-align: center;\"><span style=\"text-decoration: underline; color: #000000;\">PARK ABRI LAND<\/span><\/h2>\n<h4 style=\"text-align: center;\">\u00a0 Entreprise familiale fond\u00e9e en 1997, sp\u00e9cialis\u00e9e dans la location<\/h4>\n<h4 style=\"text-align: center;\">de box individuels et emplacements de garages.<\/h4>\n<h4 style=\"text-align: center;\">Park Abri Land vous propose un minimum de 11 tailles de box diff\u00e9rentes et des emplacements<\/h4>\n<h4 style=\"text-align: center;\">de parking en int\u00e9rieur ou en ext\u00e9rieur pour s&rsquo;adapter au mieux \u00e0 vos besoin !<\/h4>\n<p>&nbsp;<\/p>\n<h5 style=\"text-align: center;\"><\/h5>\n<h4 style=\"text-align: center;\"><span style=\"text-decoration: underline;\"><span style=\"color: #808080; text-decoration: underline;\">Location de Box individuels<br \/>\n<\/span><\/span><\/h4>\n<h5 style=\"text-align: center;\"><span style=\"color: #808080;\">Stockage &#8211; <\/span><span style=\"color: #808080;\">Garde Meubles &#8211; D\u00e9m\u00e9nagement &#8211; Marchandises &#8211; Archives &#8211; Stock Saisonnier&#8230;<\/span><\/h5>\n<h4 style=\"text-align: center;\"><span style=\"text-decoration: underline; color: #808080;\">Location d&#8217;emplacements de garage<\/span><\/h4>\n<h5 style=\"text-align: center;\"><span style=\"color: #808080;\">Bateaux &#8211; Camping-cars &#8211; Remorques &#8211; Autos &#8211; Motos&#8230;<\/span><\/h5>\n<p>&nbsp;<\/p>\n<p>&nbsp;<\/p>\n<h3 style=\"text-align: center;\"><span style=\"color: #000000;\">&#8211; Pas de frais suppl\u00e9mentaires<\/span><\/h3>\n<h3 style=\"text-align: center;\"><span style=\"color: #000000;\">&#8211; R\u00e9ception gratuite des marchandises !<\/span><\/h3>\n<h3 style=\"text-align: center;\"><span style=\"color: #000000;\">&#8211; Acc\u00e8s gratuit \u00e0 votre box, autant de fois que vous le souhaitez.<\/span><\/h3>\n<h3 style=\"text-align: center;\"><span style=\"color: #000000;\">&#8211; Location de chariot \u00e9l\u00e9vateur avec chauffeur pour les charges lourdes (palettes, etc..).<\/span><\/h3>\n<p>&nbsp;<\/p>\n","protected":false},"excerpt":{"rendered":"<p>PARK ABRI LAND \u00a0 Entreprise familiale fond\u00e9e en 1997, sp\u00e9cialis\u00e9e dans la location de box individuels et emplacements de garages. Park Abri Land vous propose un minimum de 11 tailles de box diff\u00e9rentes et des emplacements de parking en int\u00e9rieur ou en ext\u00e9rieur pour s&rsquo;adapter au mieux \u00e0 vos besoin ! &nbsp; Location de Box [&hellip;]<\/p>\n","protected":false},"author":1,"featured_media":0,"parent":0,"menu_order":0,"comment_status":"closed","ping_status":"closed","template":"","meta":{"footnotes":""},"class_list":["post-47","page","type-page","status-publish","czr-hentry"],"aioseo_notices":[],"_links":{"self":[{"href":"https:\/\/www.parkabriland.fr\/index.php\/wp-json\/wp\/v2\/pages\/47","targetHints":{"allow":["GET"]}}],"collection":[{"href":"https:\/\/www.parkabriland.fr\/index.php\/wp-json\/wp\/v2\/pages"}],"about":[{"href":"https:\/\/www.parkabriland.fr\/index.php\/wp-json\/wp\/v2\/types\/page"}],"author":[{"embeddable":true,"href":"https:\/\/www.parkabriland.fr\/index.php\/wp-json\/wp\/v2\/users\/1"}],"replies":[{"embeddable":true,"href":"https:\/\/www.parkabriland.fr\/index.php\/wp-json\/wp\/v2\/comments?post=47"}],"version-history":[{"count":16,"href":"https:\/\/www.parkabriland.fr\/index.php\/wp-json\/wp\/v2\/pages\/47\/revisions"}],"predecessor-version":[{"id":51,"href":"https:\/\/www.parkabriland.fr\/index.php\/wp-json\/wp\/v2\/pages\/47\/revisions\/51"}],"wp:attachment":[{"href":"https:\/\/www.parkabriland.fr\/index.php\/wp-json\/wp\/v2\/media?parent=47"}],"curies":[{"name":"wp","href":"https:\/\/api.w.org\/{rel}","templated":true}]}}