{"id":187,"date":"2020-12-29T17:46:42","date_gmt":"2020-12-29T16:46:42","guid":{"rendered":"http:\/\/www.parkabriland.fr\/?page_id=187"},"modified":"2025-01-04T16:54:13","modified_gmt":"2025-01-04T15:54:13","slug":"louer-un-emplacement-camping-car","status":"publish","type":"page","link":"https:\/\/www.parkabriland.fr\/index.php\/louer-un-emplacement-camping-car\/","title":{"rendered":"Louer un emplacement Camping Car"},"content":{"rendered":"<h2 style=\"text-align: center;\"><span style=\"color: #99cc00;\"> <strong>Stationnez votre Camping Car \u00e0 l\u2019abri !<\/strong><\/span><\/h2>\n<h5 style=\"text-align: center;\"><span style=\"color: #000000;\">Park Abri Land vous propose des emplacements de garage sous b\u00e2timents ferm\u00e9s ou en ext\u00e9rieur.<\/span><\/h5>\n<h5 style=\"text-align: center;\"><span style=\"color: #000000;\">Cette solution s\u00e9r\u00e9nit\u00e9 vous permet de partir en voyage avec votre camping car tout en laissant votre voiture sur place !<\/span><\/h5>\n<h5>\u00a0<\/h5>\n<h3 style=\"text-align: center;\"><span style=\"text-decoration: underline; color: #99cc00;\"><strong>Dur\u00e9e :<\/strong><\/span><\/h3>\n<h5 style=\"text-align: center;\">Contrat de 1 mois minimum et jusqu\u2019\u00e0 12 mois renouvelable<\/h5>\n<h5 style=\"text-align: center;\">Nous travaillons sur la base de 30 jours, vous choisissez une date d\u2019entr\u00e9e lors de la r\u00e9servation, tout simplement !<\/h5>\n<h3 style=\"text-align: center;\"><span style=\"text-decoration: underline; color: #99cc00;\"><strong>Pas de frais suppl\u00e9mentaires :<\/strong><\/span><\/h3>\n<h5 style=\"text-align: center;\">-Pas de caution<\/h5>\n<h5 style=\"text-align: center;\">-Acc\u00e8s gratuit et illimit\u00e9 pendant <span style=\"color: #00ff00;\"><a style=\"color: #00ff00;\" href=\"https:\/\/www.parkabriland.fr\/index.php\/nous-contacter\/\" target=\"_blank\" rel=\"noopener\">les horaires d\u2019ouverture<\/a><\/span> de l\u2019entreprise.<\/h5>\n<h5 style=\"text-align: center;\">-Nous ne proposons pas d\u2019assurance.<\/h5>\n<h3 style=\"text-align: center;\"><span style=\"text-decoration: underline; color: #99cc00;\"><strong>Tarifs :<\/strong><\/span><\/h3>\n<h3 style=\"text-align: center;\"><span style=\"text-decoration: underline;\"><span style=\"color: #99cc00; text-decoration: underline;\"><strong>\u00a0<\/strong><\/span><\/span><\/h3>\n<h2 style=\"text-align: center;\">\u00a0<\/h2>\n\n\n<figure class=\"wp-block-image size-large\"><img loading=\"lazy\" decoding=\"async\" width=\"1024\" height=\"724\" src=\"https:\/\/www.parkabriland.fr\/wp-content\/uploads\/2025\/01\/TARIF-CC-2025-1-1024x724.jpg\" alt=\"\" class=\"wp-image-411\" srcset=\"https:\/\/www.parkabriland.fr\/wp-content\/uploads\/2025\/01\/TARIF-CC-2025-1-1024x724.jpg 1024w, https:\/\/www.parkabriland.fr\/wp-content\/uploads\/2025\/01\/TARIF-CC-2025-1-300x212.jpg 300w, https:\/\/www.parkabriland.fr\/wp-content\/uploads\/2025\/01\/TARIF-CC-2025-1-768x543.jpg 768w, https:\/\/www.parkabriland.fr\/wp-content\/uploads\/2025\/01\/TARIF-CC-2025-1-1536x1086.jpg 1536w, https:\/\/www.parkabriland.fr\/wp-content\/uploads\/2025\/01\/TARIF-CC-2025-1.jpg 1754w\" sizes=\"auto, (max-width: 1024px) 100vw, 1024px\" \/><\/figure>\n","protected":false},"excerpt":{"rendered":"<p>Stationnez votre Camping Car \u00e0 l\u2019abri ! Park Abri Land vous propose des emplacements de garage sous b\u00e2timents ferm\u00e9s ou en ext\u00e9rieur. Cette solution s\u00e9r\u00e9nit\u00e9 vous permet de partir en voyage avec votre camping car tout en laissant votre voiture sur place ! \u00a0 Dur\u00e9e : Contrat de 1 mois minimum et jusqu\u2019\u00e0 12 mois [&hellip;]<\/p>\n","protected":false},"author":1,"featured_media":0,"parent":0,"menu_order":0,"comment_status":"closed","ping_status":"closed","template":"","meta":{"footnotes":""},"class_list":["post-187","page","type-page","status-publish","czr-hentry"],"aioseo_notices":[],"_links":{"self":[{"href":"https:\/\/www.parkabriland.fr\/index.php\/wp-json\/wp\/v2\/pages\/187","targetHints":{"allow":["GET"]}}],"collection":[{"href":"https:\/\/www.parkabriland.fr\/index.php\/wp-json\/wp\/v2\/pages"}],"about":[{"href":"https:\/\/www.parkabriland.fr\/index.php\/wp-json\/wp\/v2\/types\/page"}],"author":[{"embeddable":true,"href":"https:\/\/www.parkabriland.fr\/index.php\/wp-json\/wp\/v2\/users\/1"}],"replies":[{"embeddable":true,"href":"https:\/\/www.parkabriland.fr\/index.php\/wp-json\/wp\/v2\/comments?post=187"}],"version-history":[{"count":27,"href":"https:\/\/www.parkabriland.fr\/index.php\/wp-json\/wp\/v2\/pages\/187\/revisions"}],"predecessor-version":[{"id":412,"href":"https:\/\/www.parkabriland.fr\/index.php\/wp-json\/wp\/v2\/pages\/187\/revisions\/412"}],"wp:attachment":[{"href":"https:\/\/www.parkabriland.fr\/index.php\/wp-json\/wp\/v2\/media?parent=187"}],"curies":[{"name":"wp","href":"https:\/\/api.w.org\/{rel}","templated":true}]}}