{"id":129,"date":"2017-01-04T16:32:14","date_gmt":"2017-01-04T15:32:14","guid":{"rendered":"http:\/\/www.parkabriland.fr\/?page_id=129"},"modified":"2025-01-04T16:23:28","modified_gmt":"2025-01-04T15:23:28","slug":"informations-sur-la-location-de-box","status":"publish","type":"page","link":"https:\/\/www.parkabriland.fr\/index.php\/informations-sur-la-location-de-box\/","title":{"rendered":"Louer un box"},"content":{"rendered":"<h3>\u00a0<\/h3>\n<h3 style=\"text-align: center;\">\u00a0<\/h3>\n<h3 style=\"text-align: center;\"><span style=\"color: #99cc00;\"><strong><span style=\"text-decoration: underline;\">Dur\u00e9e:<\/span><\/strong><\/span><\/h3>\n<h5 style=\"text-align: center;\"><span style=\"color: #000000;\">Contrat de 1 mois minimum et jusqu&rsquo;\u00e0 12 mois renouvelable.<\/span><\/h5>\n<h5 style=\"text-align: center;\"><span style=\"color: #000000;\">Nous travaillons sur la base de 30 jours, vous choisissez une date d&rsquo;entr\u00e9e lors de la r\u00e9servation tout simplement !<\/span><\/h5>\n<h3 style=\"text-align: center;\">\u00a0<\/h3>\n<h3 style=\"text-align: center;\">\u00a0<\/h3>\n<h3 style=\"text-align: center;\"><span style=\"color: #99cc00;\"><strong><span style=\"text-decoration: underline;\">Pas de frais suppl\u00e9mentaires :<\/span><\/strong><\/span><\/h3>\n<h5 style=\"text-align: center;\"><span style=\"color: #000000;\">-Pas de caution<\/span><\/h5>\n<h5 style=\"text-align: center;\"><span style=\"color: #000000;\">-Acc\u00e8s gratuit et illimit\u00e9 pendant <span style=\"color: #00ff00;\"><a style=\"color: #00ff00;\" href=\"https:\/\/www.parkabriland.fr\/index.php\/nous-contacter\/\" target=\"_blank\" rel=\"noopener\">les horaires d&rsquo;ouverture<\/a><\/span> de l&rsquo;entreprise.<\/span><\/h5>\n<h5 style=\"text-align: center;\"><span style=\"color: #000000;\">-Nous ne proposons pas d&rsquo;assurance .<\/span><\/h5>\n<h2 style=\"text-align: center;\"><span style=\"color: #99cc00;\"><strong><span style=\"text-decoration: underline;\">Tarifs<\/span><\/strong><\/span><\/h2>\n\n\n<figure class=\"wp-block-image size-large\"><img loading=\"lazy\" decoding=\"async\" width=\"1024\" height=\"724\" src=\"https:\/\/www.parkabriland.fr\/wp-content\/uploads\/2025\/01\/TARIF-BOX-2025-1024x724.jpg\" alt=\"\" class=\"wp-image-400\" srcset=\"https:\/\/www.parkabriland.fr\/wp-content\/uploads\/2025\/01\/TARIF-BOX-2025-1024x724.jpg 1024w, https:\/\/www.parkabriland.fr\/wp-content\/uploads\/2025\/01\/TARIF-BOX-2025-300x212.jpg 300w, https:\/\/www.parkabriland.fr\/wp-content\/uploads\/2025\/01\/TARIF-BOX-2025-768x543.jpg 768w, https:\/\/www.parkabriland.fr\/wp-content\/uploads\/2025\/01\/TARIF-BOX-2025-1536x1086.jpg 1536w, https:\/\/www.parkabriland.fr\/wp-content\/uploads\/2025\/01\/TARIF-BOX-2025.jpg 1754w\" sizes=\"auto, (max-width: 1024px) 100vw, 1024px\" \/><\/figure>\n","protected":false},"excerpt":{"rendered":"<p>\u00a0 \u00a0 Dur\u00e9e: Contrat de 1 mois minimum et jusqu&rsquo;\u00e0 12 mois renouvelable. Nous travaillons sur la base de 30 jours, vous choisissez une date d&rsquo;entr\u00e9e lors de la r\u00e9servation tout simplement ! \u00a0 \u00a0 Pas de frais suppl\u00e9mentaires : -Pas de caution -Acc\u00e8s gratuit et illimit\u00e9 pendant les horaires d&rsquo;ouverture de l&rsquo;entreprise. -Nous ne [&hellip;]<\/p>\n","protected":false},"author":1,"featured_media":0,"parent":0,"menu_order":0,"comment_status":"closed","ping_status":"closed","template":"","meta":{"footnotes":""},"class_list":["post-129","page","type-page","status-publish","czr-hentry"],"aioseo_notices":[],"_links":{"self":[{"href":"https:\/\/www.parkabriland.fr\/index.php\/wp-json\/wp\/v2\/pages\/129","targetHints":{"allow":["GET"]}}],"collection":[{"href":"https:\/\/www.parkabriland.fr\/index.php\/wp-json\/wp\/v2\/pages"}],"about":[{"href":"https:\/\/www.parkabriland.fr\/index.php\/wp-json\/wp\/v2\/types\/page"}],"author":[{"embeddable":true,"href":"https:\/\/www.parkabriland.fr\/index.php\/wp-json\/wp\/v2\/users\/1"}],"replies":[{"embeddable":true,"href":"https:\/\/www.parkabriland.fr\/index.php\/wp-json\/wp\/v2\/comments?post=129"}],"version-history":[{"count":35,"href":"https:\/\/www.parkabriland.fr\/index.php\/wp-json\/wp\/v2\/pages\/129\/revisions"}],"predecessor-version":[{"id":401,"href":"https:\/\/www.parkabriland.fr\/index.php\/wp-json\/wp\/v2\/pages\/129\/revisions\/401"}],"wp:attachment":[{"href":"https:\/\/www.parkabriland.fr\/index.php\/wp-json\/wp\/v2\/media?parent=129"}],"curies":[{"name":"wp","href":"https:\/\/api.w.org\/{rel}","templated":true}]}}